{"id":2,"date":"2023-06-19T12:16:56","date_gmt":"2023-06-19T10:16:56","guid":{"rendered":"http:\/\/rutmax.om.pl\/?page_id=2"},"modified":"2023-09-15T09:44:26","modified_gmt":"2023-09-15T07:44:26","slug":"o-nas","status":"publish","type":"page","link":"http:\/\/rutmax.pl\/index.php\/o-nas\/","title":{"rendered":"O nas"},"content":{"rendered":"\n<p>P.H.P.U. \u201eRUTMAX\u201d ma swoj\u0105 siedzib\u0119 w Tomaszowie Maz. przy ul. Warszawskiej 145. Jest to Firma rodzinna za\u0142o\u017cona w 1992 r. Firma \u201eRUTMAX\u201d zajmuje si\u0119 dystrybucj\u0105 najwy\u017cszej jako\u015bci olej\u00f3w, smar\u00f3w, p\u0142yn\u00f3w eksploatacyjnych oraz kosmetyk\u00f3w, akcesori\u00f3w, filtr\u00f3w i szyb samochodowych na obszarze centralnej Polski.<\/p>\n\n\n\n<p><br>Domen\u0105 Firmy jest dystrybucja najwy\u017cszej klasy produkt\u00f3w dla przemys\u0142u jak i motoryzacji.&nbsp;<\/p>\n\n\n\n<p>Od pocz\u0105tku Firma opiera\u0142a swoj\u0105 dzia\u0142alno\u015b\u0107 o solidnych partner\u00f3w handlowych: od 1992 r by\u0142a przedstawicielem rafinerii po\u0142udniowych Polski, a nast\u0119pnie od 2002 r. jest Autoryzowanym Dystrybutorem Orlen Oil. Stawiaj\u0105c sobie za cel rozw\u00f3j i spe\u0142nianie wymaga\u0144 klient\u00f3w.<\/p>\n\n\n\n<p><br>Firma sukcesywnie rozszerza\u0142a swoj\u0105 ofert\u0119 o inny asortyment. Obecnie jeste\u015bmy Autoryzowanym Dystrybutorem: Orlen Oil,&nbsp;Wytw\u00f3rni Filtr\u00f3w PZL-S\u0119dzisz\u00f3w, Baldwin, SF-Filter, K2, Amtra. Wsp\u00f3\u0142praca z tak znacz\u0105cymi dostawcami jest gwarancj\u0105 jako\u015bci, szerokiej oferty produkt\u00f3w, a tak\u017ce najlepszych cen. Ponadto posiadanie w\u0142asnego magazynu i floty transportowej jest gwarancj\u0105 sta\u0142ej dost\u0119pno\u015bci towaru, a tak\u017ce systematycznych, terminowych i elastycznych dostaw do kontrahent\u00f3w.&nbsp;<\/p>\n\n\n\n<p><br>Firma RUTMAX stanowi \u017ar\u00f3d\u0142o zaopatrzenia dla przemys\u0142u, rolnictwa i motoryzacji. Do g\u0142\u00f3wnych odbiorc\u00f3w oferowanych produkt\u00f3w nale\u017c\u0105 stacje paliw, sklepy motoryzacyjne, serwisy samochodowe, bazy transportowe i zak\u0142ady przemys\u0142owe.<br><\/p>\n\n\n\n<p><br>Firma RUTMAX stawia czo\u0142a dynamicznym zmianom na rynku i stale monitoruje technologiczne trendy. Jako cel stawia sobie utrzymanie aktualnej pozycji, a tak\u017ce podejmowanie dzia\u0142a\u0144 spe\u0142niaj\u0105cych rosn\u0105ce wymagania klient\u00f3w.<\/p>\n\n\n\n\t<div class=\"slideshow_container slideshow_container_style-light\" data-slideshow-id=\"792\" data-style-name=\"style-light\" data-style-version=\"2.5.20\">\n\t\t<div class=\"slideshow_loading_icon\"><\/div>\n\t\t<div class=\"slideshow_content\">\n\t\t\t<div class=\"slideshow_view\">\n\t\t\t\t<div class=\"slideshow_slide slideshow_slide_image\">\n\t\t\t\t\t\t\t\t\t\t\t<img decoding=\"async\" loading=\"lazy\" src=\"http:\/\/rutmax.pl\/wp-content\/uploads\/2023\/09\/Hybrid.jpg\" alt=\"Hybrid\" width=\"1200\" height=\"300\" \/>\n\t\t\t\t\t\t\t\t\t\t<div class=\"slideshow_description_box slideshow_transparent\">\n\t\t\t\t\t\t\t\t\t\t\t\t\t\t\t\t\t<\/div>\n\t\t\t\t<\/div>\n\n\t\t\t\t\t\t\t\t\t<\/div>\n\t\t\t<div class=\"slideshow_view\">\n\t\t\t\t<div class=\"slideshow_slide slideshow_slide_image\">\n\t\t\t\t\t\t\t\t\t\t\t<img decoding=\"async\" loading=\"lazy\" src=\"http:\/\/rutmax.pl\/wp-content\/uploads\/2023\/09\/vplus.jpg\" alt=\"vplus\" width=\"1200\" height=\"300\" \/>\n\t\t\t\t\t\t\t\t\t\t<div class=\"slideshow_description_box slideshow_transparent\">\n\t\t\t\t\t\t\t\t\t\t\t\t\t\t\t\t\t<\/div>\n\t\t\t\t<\/div>\n\n\t\t\t\t\t\t\t\t\t<\/div>\n\t\t\t<div class=\"slideshow_view\">\n\t\t\t\t<div class=\"slideshow_slide slideshow_slide_image\">\n\t\t\t\t\t\t\t\t\t\t\t<img decoding=\"async\" loading=\"lazy\" src=\"http:\/\/rutmax.pl\/wp-content\/uploads\/2023\/09\/gear.jpg\" alt=\"gear\" width=\"1200\" height=\"300\" \/>\n\t\t\t\t\t\t\t\t\t\t<div class=\"slideshow_description_box slideshow_transparent\">\n\t\t\t\t\t\t\t\t\t\t\t\t\t\t\t\t\t<\/div>\n\t\t\t\t<\/div>\n\n\t\t\t\t\t\t\t\t\t<\/div>\n\t\t\t<div class=\"slideshow_view\">\n\t\t\t\t<div class=\"slideshow_slide slideshow_slide_image\">\n\t\t\t\t\t\t\t\t\t\t\t<img decoding=\"async\" loading=\"lazy\" src=\"http:\/\/rutmax.pl\/wp-content\/uploads\/2023\/09\/rider.jpg\" alt=\"rider\" width=\"1200\" height=\"300\" \/>\n\t\t\t\t\t\t\t\t\t\t<div class=\"slideshow_description_box slideshow_transparent\">\n\t\t\t\t\t\t\t\t\t\t\t\t\t\t\t\t\t<\/div>\n\t\t\t\t<\/div>\n\n\t\t\t\t\t\t\t\t\t<\/div>\n\t\t\t<div class=\"slideshow_view\">\n\t\t\t\t<div class=\"slideshow_slide slideshow_slide_image\">\n\t\t\t\t\t\t\t\t\t\t\t<img decoding=\"async\" loading=\"lazy\" src=\"http:\/\/rutmax.pl\/wp-content\/uploads\/2023\/09\/petrygo.jpg\" alt=\"petrygo\" width=\"1200\" height=\"300\" \/>\n\t\t\t\t\t\t\t\t\t\t<div class=\"slideshow_description_box slideshow_transparent\">\n\t\t\t\t\t\t\t\t\t\t\t\t\t\t\t\t\t<\/div>\n\t\t\t\t<\/div>\n\n\t\t\t\t\t\t\t\t\t<\/div>\n\t\t<\/div>\n\t\t<div class=\"slideshow_controlPanel slideshow_transparent\"><ul><li class=\"slideshow_togglePlay\" data-play-text=\"Play\" data-pause-text=\"Pause\"><\/li><\/ul><\/div>\n\t\t<div class=\"slideshow_button slideshow_previous slideshow_transparent\" role=\"button\" data-previous-text=\"Previous\"><\/div>\n\t\t<div class=\"slideshow_button slideshow_next slideshow_transparent\" role=\"button\" data-next-text=\"Next\"><\/div>\n\t\t<div class=\"slideshow_pagination\" data-go-to-text=\"Go to slide\"><div class=\"slideshow_pagination_center\"><\/div><\/div>\n\t<\/div>\n\n","protected":false},"excerpt":{"rendered":"<p>P.H.P.U. \u201eRUTMAX\u201d ma swoj\u0105 siedzib\u0119 w Tomaszowie Maz. przy ul. Warszawskiej 145. Jest to Firma rodzinna za\u0142o\u017cona w 1992 r. Firma \u201eRUTMAX\u201d zajmuje si\u0119 dystrybucj\u0105 najwy\u017cszej jako\u015bci olej\u00f3w, smar\u00f3w, p\u0142yn\u00f3w eksploatacyjnych oraz kosmetyk\u00f3w, akcesori\u00f3w, filtr\u00f3w i szyb samochodowych na obszarze centralnej Polski. Domen\u0105 Firmy jest dystrybucja najwy\u017cszej klasy produkt\u00f3w dla przemys\u0142u jak i motoryzacji.&nbsp; Od [&hellip;]<\/p>\n","protected":false},"author":1,"featured_media":0,"parent":0,"menu_order":1,"comment_status":"closed","ping_status":"closed","template":"","meta":{"footnotes":""},"_links":{"self":[{"href":"http:\/\/rutmax.pl\/index.php\/wp-json\/wp\/v2\/pages\/2"}],"collection":[{"href":"http:\/\/rutmax.pl\/index.php\/wp-json\/wp\/v2\/pages"}],"about":[{"href":"http:\/\/rutmax.pl\/index.php\/wp-json\/wp\/v2\/types\/page"}],"author":[{"embeddable":true,"href":"http:\/\/rutmax.pl\/index.php\/wp-json\/wp\/v2\/users\/1"}],"replies":[{"embeddable":true,"href":"http:\/\/rutmax.pl\/index.php\/wp-json\/wp\/v2\/comments?post=2"}],"version-history":[{"count":4,"href":"http:\/\/rutmax.pl\/index.php\/wp-json\/wp\/v2\/pages\/2\/revisions"}],"predecessor-version":[{"id":800,"href":"http:\/\/rutmax.pl\/index.php\/wp-json\/wp\/v2\/pages\/2\/revisions\/800"}],"wp:attachment":[{"href":"http:\/\/rutmax.pl\/index.php\/wp-json\/wp\/v2\/media?parent=2"}],"curies":[{"name":"wp","href":"https:\/\/api.w.org\/{rel}","templated":true}]}}